{"id":1478,"date":"2022-12-13T09:58:25","date_gmt":"2022-12-13T07:58:25","guid":{"rendered":"https:\/\/satraptech.eu\/?page_id=1478"},"modified":"2022-12-13T13:02:33","modified_gmt":"2022-12-13T11:02:33","slug":"email-support","status":"publish","type":"page","link":"https:\/\/satraptech.eu\/da\/email-support\/","title":{"rendered":"E-mail-support"},"content":{"rendered":"<div data-elementor-type=\"wp-page\" data-elementor-id=\"1478\" class=\"elementor elementor-1478\" data-elementor-post-type=\"page\">\n\t\t\t\t\t\t<section class=\"elementor-section elementor-top-section elementor-element elementor-element-e5751fb elementor-section-boxed elementor-section-height-default elementor-section-height-default\" data-id=\"e5751fb\" data-element_type=\"section\" data-e-type=\"section\">\n\t\t\t\t\t\t<div class=\"elementor-container elementor-column-gap-default\">\n\t\t\t\t\t<div class=\"elementor-column elementor-col-100 elementor-top-column elementor-element elementor-element-e6ff432\" data-id=\"e6ff432\" data-element_type=\"column\" data-e-type=\"column\">\n\t\t\t<div class=\"elementor-widget-wrap elementor-element-populated\">\n\t\t\t\t\t\t<div class=\"elementor-element elementor-element-1c9d9be elementor-widget elementor-widget-heading\" data-id=\"1c9d9be\" data-element_type=\"widget\" data-e-type=\"widget\" data-widget_type=\"heading.default\">\n\t\t\t\t<div class=\"elementor-widget-container\">\n\t\t\t\t\t<h1 class=\"elementor-heading-title elementor-size-default\">Support E-mail-konfiguration:<\/h1>\t\t\t\t<\/div>\n\t\t\t\t<\/div>\n\t\t\t\t\t<\/div>\n\t\t<\/div>\n\t\t\t\t\t<\/div>\n\t\t<\/section>\n\t\t\t\t<\/div>","protected":false},"excerpt":{"rendered":"<p>Support E-mail-konfiguration: Autodiscover Konfigurer manuelt Webmail Autoopdag Vores e-mailservere er konfigureret til automatisk at konfigurere din e-mailklient. Bare f\u00f8lg de f\u00f8lgende to enkle trin. \u00a0 Trin 1: Indtast din e-mailadresse, og klik p\u00e5 Tilslut Trin 2: Skriv din adgangskode, og klik p\u00e5 Tilslut manuel ops\u00e6tning til Outlook Hvis autodiscover mislykkes, kan du altid [...]<\/p>","protected":false},"author":1,"featured_media":0,"parent":0,"menu_order":0,"comment_status":"closed","ping_status":"closed","template":"","meta":{"footnotes":""},"class_list":["post-1478","page","type-page","status-publish","hentry"],"_links":{"self":[{"href":"https:\/\/satraptech.eu\/da\/wp-json\/wp\/v2\/pages\/1478","targetHints":{"allow":["GET"]}}],"collection":[{"href":"https:\/\/satraptech.eu\/da\/wp-json\/wp\/v2\/pages"}],"about":[{"href":"https:\/\/satraptech.eu\/da\/wp-json\/wp\/v2\/types\/page"}],"author":[{"embeddable":true,"href":"https:\/\/satraptech.eu\/da\/wp-json\/wp\/v2\/users\/1"}],"replies":[{"embeddable":true,"href":"https:\/\/satraptech.eu\/da\/wp-json\/wp\/v2\/comments?post=1478"}],"version-history":[{"count":0,"href":"https:\/\/satraptech.eu\/da\/wp-json\/wp\/v2\/pages\/1478\/revisions"}],"wp:attachment":[{"href":"https:\/\/satraptech.eu\/da\/wp-json\/wp\/v2\/media?parent=1478"}],"curies":[{"name":"wp","href":"https:\/\/api.w.org\/{rel}","templated":true}]}}